{"id":5760,"date":"2023-05-08T11:49:50","date_gmt":"2023-05-08T09:49:50","guid":{"rendered":"https:\/\/safeatsite.com\/fall-protection-working-at-heights\/"},"modified":"2025-12-05T14:27:10","modified_gmt":"2025-12-05T13:27:10","slug":"fall-protection-working-at-heights","status":"publish","type":"page","link":"https:\/\/safeatsite.com\/en\/fall-protection-working-at-heights\/","title":{"rendered":"Fall protection \u2013 Working at Heights"},"content":{"rendered":"\t\t<div data-elementor-type=\"wp-page\" data-elementor-id=\"5760\" class=\"elementor elementor-5760 elementor-2643\" data-elementor-post-type=\"page\">\n\t\t\t\t\t\t<section data-particle_enable=\"false\" data-particle-mobile-disabled=\"false\" class=\"elementor-section elementor-top-section elementor-element elementor-element-32860ede elementor-section-boxed elementor-section-height-default elementor-section-height-default\" data-id=\"32860ede\" data-element_type=\"section\">\n\t\t\t\t\t\t<div class=\"elementor-container elementor-column-gap-default\">\n\t\t\t\t\t<div class=\"elementor-column elementor-col-50 elementor-top-column elementor-element elementor-element-25508c6f\" data-id=\"25508c6f\" data-element_type=\"column\">\n\t\t\t<div class=\"elementor-widget-wrap elementor-element-populated\">\n\t\t\t\t\t\t<div class=\"elementor-element elementor-element-e780539 elementor-widget elementor-widget-image\" data-id=\"e780539\" data-element_type=\"widget\" data-widget_type=\"image.default\">\n\t\t\t\t\t\t\t\t\t\t\t\t\t\t\t<img fetchpriority=\"high\" decoding=\"async\" width=\"800\" height=\"450\" src=\"https:\/\/safeatsite.com\/wp-content\/uploads\/2023\/05\/utbildning-arbete-pa-hojd-800px.jpg\" class=\"attachment-full size-full wp-image-5535\" alt=\"Twinsite digital training working at height\" srcset=\"https:\/\/safeatsite.com\/wp-content\/uploads\/2023\/05\/utbildning-arbete-pa-hojd-800px.jpg 800w, https:\/\/safeatsite.com\/wp-content\/uploads\/2023\/05\/utbildning-arbete-pa-hojd-800px-300x169.jpg 300w, https:\/\/safeatsite.com\/wp-content\/uploads\/2023\/05\/utbildning-arbete-pa-hojd-800px-768x432.jpg 768w\" sizes=\"(max-width: 800px) 100vw, 800px\" \/>\t\t\t\t\t\t\t\t\t\t\t\t\t\t\t<\/div>\n\t\t\t\t<div class=\"elementor-element elementor-element-1eb56b1 elementor-widget elementor-widget-heading\" data-id=\"1eb56b1\" data-element_type=\"widget\" data-widget_type=\"heading.default\">\n\t\t\t\t\t<h1 class=\"elementor-heading-title elementor-size-default\">Working at Heights<\/h1>\t\t\t\t<\/div>\n\t\t\t\t<div class=\"elementor-element elementor-element-140ea1f elementor-widget elementor-widget-text-editor\" data-id=\"140ea1f\" data-element_type=\"widget\" data-widget_type=\"text-editor.default\">\n\t\t\t\t\t\t\t\t\t<p>This training is aimed broadly at designers, site managers and tradespeople, with the goal of creating a shared understanding of effective safety practices, responsibility allocation, and ongoing collaboration throughout design, planning and production.<\/p><p>The course focuses on risk awareness, the importance of careful planning and preventive safety measures. It highlights the significance of personal responsibility alongside the clear mandates that come with different professional roles and their respective areas of responsibility. <\/p>\t\t\t\t\t\t\t\t<\/div>\n\t\t\t\t<div class=\"elementor-element elementor-element-003470c elementor-widget elementor-widget-heading\" data-id=\"003470c\" data-element_type=\"widget\" data-widget_type=\"heading.default\">\n\t\t\t\t\t<h3 class=\"elementor-heading-title elementor-size-default\">Interested in learning more or booking this course?<\/h3>\t\t\t\t<\/div>\n\t\t\t\t<div class=\"elementor-element elementor-element-4aabafd elementor-mobile-align-center elementor-widget elementor-widget-button\" data-id=\"4aabafd\" data-element_type=\"widget\" data-widget_type=\"button.default\">\n\t\t\t\t\t\t\t\t\t\t<a class=\"elementor-button elementor-button-link elementor-size-sm\" href=\"https:\/\/safeatsite.com\/en\/contact\/\">\n\t\t\t\t\t\t<span class=\"elementor-button-content-wrapper\">\n\t\t\t\t\t\t\t\t\t<span class=\"elementor-button-text\">Contact us<\/span>\n\t\t\t\t\t<\/span>\n\t\t\t\t\t<\/a>\n\t\t\t\t\t\t\t\t<\/div>\n\t\t\t\t<div class=\"elementor-element elementor-element-fc8842e elementor-widget elementor-widget-video\" data-id=\"fc8842e\" data-element_type=\"widget\" data-settings=\"{&quot;video_type&quot;:&quot;hosted&quot;,&quot;start&quot;:1,&quot;controls&quot;:&quot;yes&quot;}\" data-widget_type=\"video.default\">\n\t\t\t\t\t\t\t<div class=\"e-hosted-video elementor-wrapper elementor-open-inline\">\n\t\t\t\t\t<video class=\"elementor-video\" src=\"https:\/\/safeatsite.com\/wp-content\/uploads\/2023\/05\/fallskydd.mp4#t=1\" controls=\"\" preload=\"metadata\" controlsList=\"nodownload\"><\/video>\n\t\t\t\t<\/div>\n\t\t\t\t\t\t<\/div>\n\t\t\t\t\t<\/div>\n\t\t<\/div>\n\t\t\t\t<div class=\"elementor-column elementor-col-50 elementor-top-column elementor-element elementor-element-65e7f697\" data-id=\"65e7f697\" data-element_type=\"column\">\n\t\t\t<div class=\"elementor-widget-wrap elementor-element-populated\">\n\t\t\t\t\t\t<div class=\"elementor-element elementor-element-53ff0743 elementor-widget elementor-widget-heading\" data-id=\"53ff0743\" data-element_type=\"widget\" data-widget_type=\"heading.default\">\n\t\t\t\t\t<h3 class=\"elementor-heading-title elementor-size-medium\">Kursinneh\u00e5ll<\/h3>\t\t\t\t<\/div>\n\t\t\t\t<div class=\"elementor-element elementor-element-0302bbe elementor-widget elementor-widget-text-editor\" data-id=\"0302bbe\" data-element_type=\"widget\" data-widget_type=\"text-editor.default\">\n\t\t\t\t\t\t\t\t\t<ul><li>Working at Heights<\/li><li>Laws, regulations and roles<\/li><li>Collective fall protection<\/li><li>Personal fall protection equipment<\/li><li>The fall protection hierarchy<\/li><\/ul>\t\t\t\t\t\t\t\t<\/div>\n\t\t\t\t<div class=\"elementor-element elementor-element-577f601 elementor-position-left elementor-mobile-position-left elementor-view-default elementor-widget elementor-widget-icon-box\" data-id=\"577f601\" data-element_type=\"widget\" data-widget_type=\"icon-box.default\">\n\t\t\t\t\t\t\t<div class=\"elementor-icon-box-wrapper\">\n\n\t\t\t\t\t\t<div class=\"elementor-icon-box-icon\">\n\t\t\t\t<a href=\"https:\/\/safeatsite.com\/wp-content\/uploads\/2023\/11\/Kursplan-Arbete-pa-hojd_231108.pdf\" target=\"_blank\" class=\"elementor-icon\" tabindex=\"-1\" aria-label=\"Download course syllabus\">\n\t\t\t\t<svg xmlns=\"http:\/\/www.w3.org\/2000\/svg\" xmlns:xlink=\"http:\/\/www.w3.org\/1999\/xlink\" id=\"Lager_1\" x=\"0px\" y=\"0px\" viewBox=\"0 0 464 600.3\" style=\"enable-background:new 0 0 464 600.3;\" xml:space=\"preserve\"><path d=\"M322.2,544.6c5.5-7.1,10.4-13.7,15.8-20c1-1.2,3.5-1.5,5.3-1.5c24.8-0.1,49.7-0.1,74.5-0.1c16.1,0,23.3-7,23.3-23 c0-104.1,0-208.3,0-312.4c0-1.6,0-3.3,0-5.5c-2.3,0-4.3,0-6.2,0c-41.3,0-82.6,0-124,0c-17.1,0-28.8-11.7-28.8-28.9 c0-41.2,0-82.3,0-123.5c0-2,0-4,0-6.6c-2.1,0-3.8,0-5.6,0c-58.7,0-117.3,0-176,0C84.6,23,78.1,29.5,78,45.5c0,3.3,0,6.6,0,10.2 c-7.7,0-14.9,0-23,0c0-7.2-0.2-14.4,0.1-21.7c0.2-5.4,0.3-11.1,1.9-16.2C60.5,6.9,70.7,0,82.2,0c65.3,0,130.6,0,196,0.1 c2.3,0,5.2,1.2,6.8,2.9c58.7,58.4,117.3,116.9,175.8,175.6c1.7,1.7,3.1,4.8,3.1,7.2c0.2,110.6,0.1,221.3,0.1,331.9 c0,14.6-11.9,27.1-26.4,27.2c-37.8,0.2-75.6,0.1-113.5,0C323.8,545,323.5,544.8,322.2,544.6z\"><\/path><path d=\"M126.6,205c-32.7,0-65.3,0-98,0C11.8,205,0,193.3,0,176.4c0-26.3,0-52.6,0-79C0,80.7,11.8,69,28.7,69 c65.5,0,130.9,0,196.4,0c17.2,0,28.9,11.6,28.9,28.8c0,26.3,0,52.6,0,79c0,16.1-11.9,28.2-28,28.2C192.9,205,159.7,205,126.6,205z  M98.4,99.7c0,25.7,0,50.3,0,75.3c7.5,0.6,14.6,1.5,21.7,1.8c20.4,0.8,35.3-10,39.4-28.6c1-4.8,1.4-9.9,1.2-14.9 c-0.5-21.4-13.9-34.9-35.3-35.2C116.6,98,107.6,99.1,98.4,99.7z M54,149.2c4.3-0.4,8-0.5,11.5-1.3c3.7-0.8,7.5-1.8,10.8-3.5 c9.8-4.8,14.9-13.7,14.1-23.8c-0.7-9.7-7.1-17.5-17.5-20.8c-12-3.8-23.9-1.9-35.7,0.4c0,25.7,0,50.9,0,76.4c5.6,0,11,0,16.7,0 C54,167.4,54,158.5,54,149.2z M217.6,114c0-5.6,0-10.7,0-15.7c-17,0-33.6,0-50.3,0c0,26.3,0,52.3,0,78.3c6,0,11.8,0,17.9,0 c0-10.7,0-20.9,0-31.7c10.4,0,20.5,0,30.6,0c0-5.9,0-11.1,0-16.9c-10.3,0-20.3,0-30.3,0c0-5,0-9.4,0-13.9 C196.3,114,206.8,114,217.6,114z\"><\/path><path d=\"M228,506c0-17.1,0-33.4,0-49.7c0-16.8,0-33.6,0-50.5c0-9.8,4.9-14.8,14.6-14.8c11.2,0,22.3,0,33.5,0 c8.9,0,13.9,4.9,13.9,13.9c0,32,0,64,0,95.9c0,1.5,0,3,0,4.8c1.5,0.2,2.8,0.4,4,0.4c7.7,0,15.3,0.1,23,0c3.7,0,7.5-0.3,9.5,3.7 c2.2,4.3-0.1,7.6-2.6,10.9c-19,24.7-37.8,49.5-56.8,74.2c-5.6,7.4-10.1,7.4-15.8-0.1c-19.2-25-38.3-50-57.5-74.9 c-2.3-2.9-3.9-5.8-2.2-9.6c1.8-3.8,5-4.3,8.8-4.3C209.5,506.1,218.4,506,228,506z\"><\/path><path d=\"M55,219.2c7.9,0,15,0,23,0c0,2.1,0,4.2,0,6.3c0,90.5,0,181,0,271.4c0,2,0,4,0,6c0.4,13,7.3,20,20.3,20.1 c13.5,0.1,27,0,40.5,0c12.3,0,24.7-0.1,37,0.1c2.1,0,4.7,1.4,6,3c4.9,5.8,9.4,11.9,14.8,18.8c-2.5,0-3.9,0-5.3,0 c-36.3,0-72.6,0-109,0C66.5,545,55,533.4,55,517.5c0-97.8,0-195.6,0-293.4C55,222.6,55,221.1,55,219.2z\"><\/path><path d=\"M259.1,261c41.5,0,83,0,124.4,0c5.8,0,10,3,11.4,7.9c1.5,4.8,0.1,10.4-4.2,12.8c-2.6,1.5-5.9,2.2-8.9,2.2 C301.6,284,221.3,284,141,284c-2.2,0-4.3,0-6.5,0c-7-0.1-11.7-4.8-11.6-11.6c0-6.8,4.7-11.4,11.8-11.4c37.3,0,74.6,0,111.9,0 C250.7,261,254.9,261,259.1,261z\"><\/path><path d=\"M259.3,325c41.3,0,82.7,0,124,0c4.8,0,8.5,1.5,10.9,5.7c2.1,3.8,2,7.7-0.4,11.4c-2.5,3.9-6.2,5-10.8,5 c-28.3-0.1-56.7,0-85,0c-54.2,0-108.3,0-162.5,0c-7.5,0-12.2-3.7-12.6-9.9c-0.5-7.2,4.2-12.1,11.9-12.1c28.5,0,57,0,85.5,0 C233.3,325,246.3,325,259.3,325z\"><\/path><path d=\"M114,160.9c0-15-0.1-29.8,0.1-44.6c0-1,1.8-2.8,2.9-2.9c3.8-0.3,7.7-0.5,11.4,0c8.8,1.2,14,6.3,15.2,15.4 c0.6,4.7,0.7,9.7-0.1,14.4C141.2,157.9,131.4,163.7,114,160.9z\"><\/path><path d=\"M54.3,113.1c6.8,0.1,14.2-1.7,18.4,4.9c1.6,2.6,1.4,8.1-0.3,10.7c-4.2,6.2-11.3,4.8-18.1,4.7 C54.3,126.6,54.3,120.2,54.3,113.1z\"><\/path><\/svg>\t\t\t\t<\/a>\n\t\t\t<\/div>\n\t\t\t\n\t\t\t\t\t\t<div class=\"elementor-icon-box-content\">\n\n\t\t\t\t\t\t\t\t\t<h6 class=\"elementor-icon-box-title\">\n\t\t\t\t\t\t<a href=\"https:\/\/safeatsite.com\/wp-content\/uploads\/2023\/11\/Kursplan-Arbete-pa-hojd_231108.pdf\" target=\"_blank\" >\n\t\t\t\t\t\t\tDownload course syllabus\t\t\t\t\t\t<\/a>\n\t\t\t\t\t<\/h6>\n\t\t\t\t\n\t\t\t\t\n\t\t\t<\/div>\n\t\t\t\n\t\t<\/div>\n\t\t\t\t\t\t<\/div>\n\t\t\t\t<div class=\"elementor-element elementor-element-bf05033 elementor-widget elementor-widget-heading\" data-id=\"bf05033\" data-element_type=\"widget\" data-widget_type=\"heading.default\">\n\t\t\t\t\t<h3 class=\"elementor-heading-title elementor-size-medium\">Prerequisites<\/h3>\t\t\t\t<\/div>\n\t\t\t\t<div class=\"elementor-element elementor-element-dbbdb08 elementor-widget elementor-widget-text-editor\" data-id=\"dbbdb08\" data-element_type=\"widget\" data-widget_type=\"text-editor.default\">\n\t\t\t\t\t\t\t\t\t<p style=\"text-align: center;\">No prior knowledge required. The course is available in Swedish and English.<\/p>\t\t\t\t\t\t\t\t<\/div>\n\t\t\t\t<div class=\"elementor-element elementor-element-77b1789 elementor-widget elementor-widget-heading\" data-id=\"77b1789\" data-element_type=\"widget\" data-widget_type=\"heading.default\">\n\t\t\t\t\t<h3 class=\"elementor-heading-title elementor-size-medium\">Certificate<\/h3>\t\t\t\t<\/div>\n\t\t\t\t<div class=\"elementor-element elementor-element-9bc4f3e elementor-widget elementor-widget-text-editor\" data-id=\"9bc4f3e\" data-element_type=\"widget\" data-widget_type=\"text-editor.default\">\n\t\t\t\t\t\t\t\t\t<p style=\"text-align: center;\">Participants receive a certificate of completion after the course. Registration in the ID06 competence database is included in the course fee. <\/p>\t\t\t\t\t\t\t\t<\/div>\n\t\t\t\t<div class=\"elementor-element elementor-element-c08606c elementor-widget elementor-widget-heading\" data-id=\"c08606c\" data-element_type=\"widget\" data-widget_type=\"heading.default\">\n\t\t\t\t\t<h3 class=\"elementor-heading-title elementor-size-medium\">Price<\/h3>\t\t\t\t<\/div>\n\t\t\t\t<div class=\"elementor-element elementor-element-b7f0ef6 elementor-widget elementor-widget-text-editor\" data-id=\"b7f0ef6\" data-element_type=\"widget\" data-widget_type=\"text-editor.default\">\n\t\t\t\t\t\t\t\t\t<p style=\"text-align: center;\">SEK 2,000 excl. VAT per participant<\/p>\t\t\t\t\t\t\t\t<\/div>\n\t\t\t\t<div class=\"elementor-element elementor-element-0a7f2f1 elementor-widget elementor-widget-heading\" data-id=\"0a7f2f1\" data-element_type=\"widget\" data-widget_type=\"heading.default\">\n\t\t\t\t\t<h3 class=\"elementor-heading-title elementor-size-medium\">Our Other Training Courses<\/h3>\t\t\t\t<\/div>\n\t\t\t\t<div class=\"elementor-element elementor-element-a89d607 elementor-position-left elementor-mobile-position-left elementor-view-default elementor-widget elementor-widget-icon-box\" data-id=\"a89d607\" data-element_type=\"widget\" data-widget_type=\"icon-box.default\">\n\t\t\t\t\t\t\t<div class=\"elementor-icon-box-wrapper\">\n\n\t\t\t\t\t\t<div class=\"elementor-icon-box-icon\">\n\t\t\t\t<a href=\"https:\/\/safeatsite.com\/en\/quartz-dust\/\" class=\"elementor-icon\" tabindex=\"-1\" aria-label=\"Quartz Dust\">\n\t\t\t\t<svg aria-hidden=\"true\" class=\"e-font-icon-svg e-fas-angle-double-right\" viewBox=\"0 0 448 512\" xmlns=\"http:\/\/www.w3.org\/2000\/svg\"><path d=\"M224.3 273l-136 136c-9.4 9.4-24.6 9.4-33.9 0l-22.6-22.6c-9.4-9.4-9.4-24.6 0-33.9l96.4-96.4-96.4-96.4c-9.4-9.4-9.4-24.6 0-33.9L54.3 103c9.4-9.4 24.6-9.4 33.9 0l136 136c9.5 9.4 9.5 24.6.1 34zm192-34l-136-136c-9.4-9.4-24.6-9.4-33.9 0l-22.6 22.6c-9.4 9.4-9.4 24.6 0 33.9l96.4 96.4-96.4 96.4c-9.4 9.4-9.4 24.6 0 33.9l22.6 22.6c9.4 9.4 24.6 9.4 33.9 0l136-136c9.4-9.2 9.4-24.4 0-33.8z\"><\/path><\/svg>\t\t\t\t<\/a>\n\t\t\t<\/div>\n\t\t\t\n\t\t\t\t\t\t<div class=\"elementor-icon-box-content\">\n\n\t\t\t\t\t\t\t\t\t<h6 class=\"elementor-icon-box-title\">\n\t\t\t\t\t\t<a href=\"https:\/\/safeatsite.com\/en\/quartz-dust\/\" >\n\t\t\t\t\t\t\tQuartz Dust\t\t\t\t\t\t<\/a>\n\t\t\t\t\t<\/h6>\n\t\t\t\t\n\t\t\t\t\n\t\t\t<\/div>\n\t\t\t\n\t\t<\/div>\n\t\t\t\t\t\t<\/div>\n\t\t\t\t<div class=\"elementor-element elementor-element-940ff88 elementor-position-left elementor-mobile-position-left elementor-view-default elementor-widget elementor-widget-icon-box\" data-id=\"940ff88\" data-element_type=\"widget\" data-widget_type=\"icon-box.default\">\n\t\t\t\t\t\t\t<div class=\"elementor-icon-box-wrapper\">\n\n\t\t\t\t\t\t<div class=\"elementor-icon-box-icon\">\n\t\t\t\t<a href=\"https:\/\/safeatsite.com\/en\/mewp-hoist-simulator\/\" class=\"elementor-icon\" tabindex=\"-1\" aria-label=\"MEWP\/Hoist Simulator\">\n\t\t\t\t<svg aria-hidden=\"true\" class=\"e-font-icon-svg e-fas-angle-double-right\" viewBox=\"0 0 448 512\" xmlns=\"http:\/\/www.w3.org\/2000\/svg\"><path d=\"M224.3 273l-136 136c-9.4 9.4-24.6 9.4-33.9 0l-22.6-22.6c-9.4-9.4-9.4-24.6 0-33.9l96.4-96.4-96.4-96.4c-9.4-9.4-9.4-24.6 0-33.9L54.3 103c9.4-9.4 24.6-9.4 33.9 0l136 136c9.5 9.4 9.5 24.6.1 34zm192-34l-136-136c-9.4-9.4-24.6-9.4-33.9 0l-22.6 22.6c-9.4 9.4-9.4 24.6 0 33.9l96.4 96.4-96.4 96.4c-9.4 9.4-9.4 24.6 0 33.9l22.6 22.6c9.4 9.4 24.6 9.4 33.9 0l136-136c9.4-9.2 9.4-24.4 0-33.8z\"><\/path><\/svg>\t\t\t\t<\/a>\n\t\t\t<\/div>\n\t\t\t\n\t\t\t\t\t\t<div class=\"elementor-icon-box-content\">\n\n\t\t\t\t\t\t\t\t\t<h6 class=\"elementor-icon-box-title\">\n\t\t\t\t\t\t<a href=\"https:\/\/safeatsite.com\/en\/mewp-hoist-simulator\/\" >\n\t\t\t\t\t\t\tMEWP\/Hoist Simulator\t\t\t\t\t\t<\/a>\n\t\t\t\t\t<\/h6>\n\t\t\t\t\n\t\t\t\t\n\t\t\t<\/div>\n\t\t\t\n\t\t<\/div>\n\t\t\t\t\t\t<\/div>\n\t\t\t\t\t<\/div>\n\t\t<\/div>\n\t\t\t\t\t<\/div>\n\t\t<\/section>\n\t\t\t\t<\/div>\n\t\t","protected":false},"excerpt":{"rendered":"<p>Working at Heights This training is aimed broadly at designers, site managers and tradespeople, with the goal of creating a shared understanding of effective safety practices, responsibility allocation, and ongoing collaboration throughout design, planning and production. The course focuses on risk awareness, the importance of careful planning and preventive safety measures. It highlights the significance [&hellip;]<\/p>\n","protected":false},"author":5,"featured_media":0,"parent":0,"menu_order":0,"comment_status":"closed","ping_status":"closed","template":"","meta":{"content-type":"","footnotes":""},"class_list":["post-5760","page","type-page","status-publish","hentry"],"yoast_head":"<!-- This site is optimized with the Yoast SEO plugin v27.3 - https:\/\/yoast.com\/product\/yoast-seo-wordpress\/ -->\n<title>Fall protection \u2013 Working at Heights - SafeAtSite<\/title>\n<meta name=\"description\" content=\"Twinsite\u2019s fall protection training is designed for designers, supervisors and site workers who want to work safely at height.\" \/>\n<meta name=\"robots\" content=\"index, follow, max-snippet:-1, max-image-preview:large, max-video-preview:-1\" \/>\n<link rel=\"canonical\" href=\"https:\/\/safeatsite.com\/en\/fall-protection-working-at-heights\/\" \/>\n<meta property=\"og:locale\" content=\"en_US\" \/>\n<meta property=\"og:type\" content=\"article\" \/>\n<meta property=\"og:title\" content=\"Fall protection \u2013 Working at Heights - SafeAtSite\" \/>\n<meta property=\"og:description\" content=\"Twinsite\u2019s fall protection training is designed for designers, supervisors and site workers who want to work safely at height.\" \/>\n<meta property=\"og:url\" content=\"https:\/\/safeatsite.com\/en\/fall-protection-working-at-heights\/\" \/>\n<meta property=\"og:site_name\" content=\"SafeAtSite\" \/>\n<meta property=\"article:publisher\" content=\"https:\/\/www.facebook.com\/profile.php?id=100064239062507\" \/>\n<meta property=\"article:modified_time\" content=\"2025-12-05T13:27:10+00:00\" \/>\n<meta property=\"og:image\" content=\"https:\/\/safeatsite.com\/wp-content\/uploads\/2023\/05\/utbildning-arbete-pa-hojd-800px.jpg\" \/>\n<meta name=\"twitter:card\" content=\"summary_large_image\" \/>\n<meta name=\"twitter:label1\" content=\"Est. reading time\" \/>\n\t<meta name=\"twitter:data1\" content=\"1 minute\" \/>\n<script type=\"application\/ld+json\" class=\"yoast-schema-graph\">{\"@context\":\"https:\\\/\\\/schema.org\",\"@graph\":[{\"@type\":\"WebPage\",\"@id\":\"https:\\\/\\\/safeatsite.com\\\/en\\\/fall-protection-working-at-heights\\\/\",\"url\":\"https:\\\/\\\/safeatsite.com\\\/en\\\/fall-protection-working-at-heights\\\/\",\"name\":\"Fall protection \u2013 Working at Heights - SafeAtSite\",\"isPartOf\":{\"@id\":\"https:\\\/\\\/safeatsite.com\\\/en\\\/#website\"},\"primaryImageOfPage\":{\"@id\":\"https:\\\/\\\/safeatsite.com\\\/en\\\/fall-protection-working-at-heights\\\/#primaryimage\"},\"image\":{\"@id\":\"https:\\\/\\\/safeatsite.com\\\/en\\\/fall-protection-working-at-heights\\\/#primaryimage\"},\"thumbnailUrl\":\"https:\\\/\\\/safeatsite.com\\\/wp-content\\\/uploads\\\/2023\\\/05\\\/utbildning-arbete-pa-hojd-800px.jpg\",\"datePublished\":\"2023-05-08T09:49:50+00:00\",\"dateModified\":\"2025-12-05T13:27:10+00:00\",\"description\":\"Twinsite\u2019s fall protection training is designed for designers, supervisors and site workers who want to work safely at height.\",\"breadcrumb\":{\"@id\":\"https:\\\/\\\/safeatsite.com\\\/en\\\/fall-protection-working-at-heights\\\/#breadcrumb\"},\"inLanguage\":\"en-US\",\"potentialAction\":[{\"@type\":\"ReadAction\",\"target\":[\"https:\\\/\\\/safeatsite.com\\\/en\\\/fall-protection-working-at-heights\\\/\"]}]},{\"@type\":\"ImageObject\",\"inLanguage\":\"en-US\",\"@id\":\"https:\\\/\\\/safeatsite.com\\\/en\\\/fall-protection-working-at-heights\\\/#primaryimage\",\"url\":\"https:\\\/\\\/safeatsite.com\\\/wp-content\\\/uploads\\\/2023\\\/05\\\/utbildning-arbete-pa-hojd-800px.jpg\",\"contentUrl\":\"https:\\\/\\\/safeatsite.com\\\/wp-content\\\/uploads\\\/2023\\\/05\\\/utbildning-arbete-pa-hojd-800px.jpg\"},{\"@type\":\"BreadcrumbList\",\"@id\":\"https:\\\/\\\/safeatsite.com\\\/en\\\/fall-protection-working-at-heights\\\/#breadcrumb\",\"itemListElement\":[{\"@type\":\"ListItem\",\"position\":1,\"name\":\"Hem\",\"item\":\"https:\\\/\\\/safeatsite.com\\\/en\\\/\"},{\"@type\":\"ListItem\",\"position\":2,\"name\":\"Fall protection \u2013 Working at Heights\"}]},{\"@type\":\"WebSite\",\"@id\":\"https:\\\/\\\/safeatsite.com\\\/en\\\/#website\",\"url\":\"https:\\\/\\\/safeatsite.com\\\/en\\\/\",\"name\":\"SafeAtSite\",\"description\":\"Smarta produkter, l\u00f6sningar och tj\u00e4nster f\u00f6r s\u00e4krare bygg- och v\u00e4garbetsplatser.\",\"publisher\":{\"@id\":\"https:\\\/\\\/safeatsite.com\\\/en\\\/#organization\"},\"potentialAction\":[{\"@type\":\"SearchAction\",\"target\":{\"@type\":\"EntryPoint\",\"urlTemplate\":\"https:\\\/\\\/safeatsite.com\\\/en\\\/?s={search_term_string}\"},\"query-input\":{\"@type\":\"PropertyValueSpecification\",\"valueRequired\":true,\"valueName\":\"search_term_string\"}}],\"inLanguage\":\"en-US\"},{\"@type\":\"Organization\",\"@id\":\"https:\\\/\\\/safeatsite.com\\\/en\\\/#organization\",\"name\":\"SafeAtSite\",\"url\":\"https:\\\/\\\/safeatsite.com\\\/en\\\/\",\"logo\":{\"@type\":\"ImageObject\",\"inLanguage\":\"en-US\",\"@id\":\"https:\\\/\\\/safeatsite.com\\\/en\\\/#\\\/schema\\\/logo\\\/image\\\/\",\"url\":\"https:\\\/\\\/safeatsite.com\\\/wp-content\\\/uploads\\\/2020\\\/11\\\/SafeAtSite-logo-1.png\",\"contentUrl\":\"https:\\\/\\\/safeatsite.com\\\/wp-content\\\/uploads\\\/2020\\\/11\\\/SafeAtSite-logo-1.png\",\"width\":257,\"height\":100,\"caption\":\"SafeAtSite\"},\"image\":{\"@id\":\"https:\\\/\\\/safeatsite.com\\\/en\\\/#\\\/schema\\\/logo\\\/image\\\/\"},\"sameAs\":[\"https:\\\/\\\/www.facebook.com\\\/profile.php?id=100064239062507\"]}]}<\/script>\n<!-- \/ Yoast SEO plugin. -->","yoast_head_json":{"title":"Fall protection \u2013 Working at Heights - SafeAtSite","description":"Twinsite\u2019s fall protection training is designed for designers, supervisors and site workers who want to work safely at height.","robots":{"index":"index","follow":"follow","max-snippet":"max-snippet:-1","max-image-preview":"max-image-preview:large","max-video-preview":"max-video-preview:-1"},"canonical":"https:\/\/safeatsite.com\/en\/fall-protection-working-at-heights\/","og_locale":"en_US","og_type":"article","og_title":"Fall protection \u2013 Working at Heights - SafeAtSite","og_description":"Twinsite\u2019s fall protection training is designed for designers, supervisors and site workers who want to work safely at height.","og_url":"https:\/\/safeatsite.com\/en\/fall-protection-working-at-heights\/","og_site_name":"SafeAtSite","article_publisher":"https:\/\/www.facebook.com\/profile.php?id=100064239062507","article_modified_time":"2025-12-05T13:27:10+00:00","og_image":[{"url":"https:\/\/safeatsite.com\/wp-content\/uploads\/2023\/05\/utbildning-arbete-pa-hojd-800px.jpg","type":"","width":"","height":""}],"twitter_card":"summary_large_image","twitter_misc":{"Est. reading time":"1 minute"},"schema":{"@context":"https:\/\/schema.org","@graph":[{"@type":"WebPage","@id":"https:\/\/safeatsite.com\/en\/fall-protection-working-at-heights\/","url":"https:\/\/safeatsite.com\/en\/fall-protection-working-at-heights\/","name":"Fall protection \u2013 Working at Heights - SafeAtSite","isPartOf":{"@id":"https:\/\/safeatsite.com\/en\/#website"},"primaryImageOfPage":{"@id":"https:\/\/safeatsite.com\/en\/fall-protection-working-at-heights\/#primaryimage"},"image":{"@id":"https:\/\/safeatsite.com\/en\/fall-protection-working-at-heights\/#primaryimage"},"thumbnailUrl":"https:\/\/safeatsite.com\/wp-content\/uploads\/2023\/05\/utbildning-arbete-pa-hojd-800px.jpg","datePublished":"2023-05-08T09:49:50+00:00","dateModified":"2025-12-05T13:27:10+00:00","description":"Twinsite\u2019s fall protection training is designed for designers, supervisors and site workers who want to work safely at height.","breadcrumb":{"@id":"https:\/\/safeatsite.com\/en\/fall-protection-working-at-heights\/#breadcrumb"},"inLanguage":"en-US","potentialAction":[{"@type":"ReadAction","target":["https:\/\/safeatsite.com\/en\/fall-protection-working-at-heights\/"]}]},{"@type":"ImageObject","inLanguage":"en-US","@id":"https:\/\/safeatsite.com\/en\/fall-protection-working-at-heights\/#primaryimage","url":"https:\/\/safeatsite.com\/wp-content\/uploads\/2023\/05\/utbildning-arbete-pa-hojd-800px.jpg","contentUrl":"https:\/\/safeatsite.com\/wp-content\/uploads\/2023\/05\/utbildning-arbete-pa-hojd-800px.jpg"},{"@type":"BreadcrumbList","@id":"https:\/\/safeatsite.com\/en\/fall-protection-working-at-heights\/#breadcrumb","itemListElement":[{"@type":"ListItem","position":1,"name":"Hem","item":"https:\/\/safeatsite.com\/en\/"},{"@type":"ListItem","position":2,"name":"Fall protection \u2013 Working at Heights"}]},{"@type":"WebSite","@id":"https:\/\/safeatsite.com\/en\/#website","url":"https:\/\/safeatsite.com\/en\/","name":"SafeAtSite","description":"Smarta produkter, l\u00f6sningar och tj\u00e4nster f\u00f6r s\u00e4krare bygg- och v\u00e4garbetsplatser.","publisher":{"@id":"https:\/\/safeatsite.com\/en\/#organization"},"potentialAction":[{"@type":"SearchAction","target":{"@type":"EntryPoint","urlTemplate":"https:\/\/safeatsite.com\/en\/?s={search_term_string}"},"query-input":{"@type":"PropertyValueSpecification","valueRequired":true,"valueName":"search_term_string"}}],"inLanguage":"en-US"},{"@type":"Organization","@id":"https:\/\/safeatsite.com\/en\/#organization","name":"SafeAtSite","url":"https:\/\/safeatsite.com\/en\/","logo":{"@type":"ImageObject","inLanguage":"en-US","@id":"https:\/\/safeatsite.com\/en\/#\/schema\/logo\/image\/","url":"https:\/\/safeatsite.com\/wp-content\/uploads\/2020\/11\/SafeAtSite-logo-1.png","contentUrl":"https:\/\/safeatsite.com\/wp-content\/uploads\/2020\/11\/SafeAtSite-logo-1.png","width":257,"height":100,"caption":"SafeAtSite"},"image":{"@id":"https:\/\/safeatsite.com\/en\/#\/schema\/logo\/image\/"},"sameAs":["https:\/\/www.facebook.com\/profile.php?id=100064239062507"]}]}},"_links":{"self":[{"href":"https:\/\/safeatsite.com\/en\/wp-json\/wp\/v2\/pages\/5760","targetHints":{"allow":["GET"]}}],"collection":[{"href":"https:\/\/safeatsite.com\/en\/wp-json\/wp\/v2\/pages"}],"about":[{"href":"https:\/\/safeatsite.com\/en\/wp-json\/wp\/v2\/types\/page"}],"author":[{"embeddable":true,"href":"https:\/\/safeatsite.com\/en\/wp-json\/wp\/v2\/users\/5"}],"replies":[{"embeddable":true,"href":"https:\/\/safeatsite.com\/en\/wp-json\/wp\/v2\/comments?post=5760"}],"version-history":[{"count":4,"href":"https:\/\/safeatsite.com\/en\/wp-json\/wp\/v2\/pages\/5760\/revisions"}],"predecessor-version":[{"id":6064,"href":"https:\/\/safeatsite.com\/en\/wp-json\/wp\/v2\/pages\/5760\/revisions\/6064"}],"wp:attachment":[{"href":"https:\/\/safeatsite.com\/en\/wp-json\/wp\/v2\/media?parent=5760"}],"curies":[{"name":"wp","href":"https:\/\/api.w.org\/{rel}","templated":true}]}}