{"id":5734,"date":"2021-08-18T10:53:50","date_gmt":"2021-08-18T08:53:50","guid":{"rendered":"https:\/\/safeatsite.com\/products\/"},"modified":"2025-11-07T15:26:38","modified_gmt":"2025-11-07T14:26:38","slug":"products","status":"publish","type":"page","link":"https:\/\/safeatsite.com\/en\/products\/","title":{"rendered":"Products"},"content":{"rendered":"\t\t<div data-elementor-type=\"wp-page\" data-elementor-id=\"5734\" class=\"elementor elementor-5734 elementor-507\" data-elementor-post-type=\"page\">\n\t\t\t\t<div data-particle_enable=\"false\" data-particle-mobile-disabled=\"false\" class=\"elementor-element elementor-element-82325ab e-flex e-con-boxed e-con e-parent\" data-id=\"82325ab\" data-element_type=\"container\" data-settings=\"{&quot;background_background&quot;:&quot;classic&quot;}\">\n\t\t\t\t\t<div class=\"e-con-inner\">\n\t\t<div data-particle_enable=\"false\" data-particle-mobile-disabled=\"false\" class=\"elementor-element elementor-element-3c23570 e-con-full e-flex e-con e-child\" data-id=\"3c23570\" data-element_type=\"container\">\n\t\t\t\t<div class=\"elementor-element elementor-element-108e28e elementor-widget elementor-widget-heading\" data-id=\"108e28e\" data-element_type=\"widget\" data-widget_type=\"heading.default\">\n\t\t\t\t\t<h1 class=\"elementor-heading-title elementor-size-default\">Products<\/h1>\t\t\t\t<\/div>\n\t\t\t\t<\/div>\n\t\t\t\t\t<\/div>\n\t\t\t\t<\/div>\n\t\t<div data-particle_enable=\"false\" data-particle-mobile-disabled=\"false\" class=\"elementor-element elementor-element-cf55d16 e-flex e-con-boxed e-con e-parent\" data-id=\"cf55d16\" data-element_type=\"container\" data-settings=\"{&quot;background_background&quot;:&quot;classic&quot;}\">\n\t\t\t\t\t<div class=\"e-con-inner\">\n\t\t<div data-particle_enable=\"false\" data-particle-mobile-disabled=\"false\" class=\"elementor-element elementor-element-50ba0df e-con-full e-flex e-con e-child\" data-id=\"50ba0df\" data-element_type=\"container\">\n\t\t\t\t<div class=\"elementor-element elementor-element-d837ebe elementor-widget elementor-widget-heading\" data-id=\"d837ebe\" data-element_type=\"widget\" data-widget_type=\"heading.default\">\n\t\t\t\t\t<h2 class=\"elementor-heading-title elementor-size-default\">Workzone safety solutions for roadworks and construction<\/h2>\t\t\t\t<\/div>\n\t\t\t\t<div class=\"elementor-element elementor-element-7d63bbb elementor-widget elementor-widget-text-editor\" data-id=\"7d63bbb\" data-element_type=\"widget\" data-widget_type=\"text-editor.default\">\n\t\t\t\t\t\t\t\t\t<p>Safe at Site develops products and systems that raise the level of safety on worksites in both construction and infrastructure. Our vision is clear: everyone should be able to get home safely, every day. That\u2019s why we combine innovation with practical usability and robust quality.  <\/p>\t\t\t\t\t\t\t\t<\/div>\n\t\t\t\t<div class=\"elementor-element elementor-element-58709fd elementor-widget elementor-widget-text-editor\" data-id=\"58709fd\" data-element_type=\"widget\" data-widget_type=\"text-editor.default\">\n\t\t\t\t\t\t\t\t\t<h4 style=\"caret-color: #FFFFFF; color: #FFFFFF;\" data-start=\"517\" data-end=\"538\">Roadwork protecion<\/h4>\n<p style=\"caret-color: FFFFFF; color: #FFFFFF;\" data-start=\"539\" data-end=\"984\">Under the <strong data-start=\"556\" data-end=\"569\">ProGuard\u00ae<\/strong> brand, we offer one of the market\u2019s most complete ranges of solutions for roadworks \u2013 from concrete barriers and flexible city systems to the patent-pending <strong data-start=\"724\" data-end=\"737\">ZoneStop\u00ae<\/strong> crash cushion, with the shortest stopping distance on the market. Our solutions are easy to handle, efficient to transport, and designed to protect both road users and road workers.<\/p>\n\n<h4 style=\"caret-color: #FFFFFF; color: #FFFFFF;\" data-start=\"986\" data-end=\"1002\">Fall Protection<\/h4>\n<p style=\"caret-color: #FFFFFF; color: #FFFFFF;\" data-start=\"1003\" data-end=\"1234\">With<strong data-start=\"1007\" data-end=\"1020\"> StaySafe\u00ae<\/strong>, we provide collective fall protection systems that make working at height simple and safe Flexible, easy to install and compliant with regulations \u2013 a reliable way to protect the whole team and prevent accidents.<\/p>\n\n<h4 style=\"caret-color: #FFFFFF; color: #FFFFFF;\" data-start=\"1236\" data-end=\"1276\">Enclosures, Noise and Privacy Screens<\/h4>\n<p style=\"caret-color: #FFFFFF; color: #FFFFFF;\" data-start=\"1277\" data-end=\"1505\">Worksites must not only be safe \u2013 they also need to integrate well with their surroundings. Our enclosure systems provide control and security, while noise and privacy screens create peace of mind for workers and reduce disturbance for nearby residents. <\/p>\n<p style=\"caret-color: #FFFFFF; color: #FFFFFF;\" data-start=\"1507\" data-end=\"1609\">Explore our products and discover how Safe at Site can raise safety standards on your worksite.<\/p>\t\t\t\t\t\t\t\t<\/div>\n\t\t\t\t<\/div>\n\t\t\t\t\t<\/div>\n\t\t\t\t<\/div>\n\t\t\t\t<\/div>\n\t\t","protected":false},"excerpt":{"rendered":"<p>Products Workzone safety solutions for roadworks and construction Safe at Site develops products and systems that raise the level of safety on worksites in both construction and infrastructure. Our vision is clear: everyone should be able to get home safely, every day. That\u2019s why we combine innovation with practical usability and robust quality. Roadwork protecion [&hellip;]<\/p>\n","protected":false},"author":5,"featured_media":0,"parent":0,"menu_order":0,"comment_status":"closed","ping_status":"closed","template":"","meta":{"content-type":"","footnotes":""},"class_list":["post-5734","page","type-page","status-publish","hentry"],"yoast_head":"<!-- This site is optimized with the Yoast SEO plugin v27.3 - https:\/\/yoast.com\/product\/yoast-seo-wordpress\/ -->\n<title>Products - SafeAtSite<\/title>\n<meta name=\"description\" content=\"Safe at Site develops products and systems that combine safety, innovation, practical usability and robust quality.\" \/>\n<meta name=\"robots\" content=\"index, follow, max-snippet:-1, max-image-preview:large, max-video-preview:-1\" \/>\n<link rel=\"canonical\" href=\"https:\/\/safeatsite.com\/en\/products\/\" \/>\n<meta property=\"og:locale\" content=\"en_US\" \/>\n<meta property=\"og:type\" content=\"article\" \/>\n<meta property=\"og:title\" content=\"Products - SafeAtSite\" \/>\n<meta property=\"og:description\" content=\"Safe at Site develops products and systems that combine safety, innovation, practical usability and robust quality.\" \/>\n<meta property=\"og:url\" content=\"https:\/\/safeatsite.com\/en\/products\/\" \/>\n<meta property=\"og:site_name\" content=\"SafeAtSite\" \/>\n<meta property=\"article:publisher\" content=\"https:\/\/www.facebook.com\/profile.php?id=100064239062507\" \/>\n<meta property=\"article:modified_time\" content=\"2025-11-07T14:26:38+00:00\" \/>\n<meta name=\"twitter:card\" content=\"summary_large_image\" \/>\n<meta name=\"twitter:label1\" content=\"Est. reading time\" \/>\n\t<meta name=\"twitter:data1\" content=\"1 minute\" \/>\n<script type=\"application\/ld+json\" class=\"yoast-schema-graph\">{\"@context\":\"https:\\\/\\\/schema.org\",\"@graph\":[{\"@type\":\"WebPage\",\"@id\":\"https:\\\/\\\/safeatsite.com\\\/en\\\/products\\\/\",\"url\":\"https:\\\/\\\/safeatsite.com\\\/en\\\/products\\\/\",\"name\":\"Products - SafeAtSite\",\"isPartOf\":{\"@id\":\"https:\\\/\\\/safeatsite.com\\\/en\\\/#website\"},\"datePublished\":\"2021-08-18T08:53:50+00:00\",\"dateModified\":\"2025-11-07T14:26:38+00:00\",\"description\":\"Safe at Site develops products and systems that combine safety, innovation, practical usability and robust quality.\",\"breadcrumb\":{\"@id\":\"https:\\\/\\\/safeatsite.com\\\/en\\\/products\\\/#breadcrumb\"},\"inLanguage\":\"en-US\",\"potentialAction\":[{\"@type\":\"ReadAction\",\"target\":[\"https:\\\/\\\/safeatsite.com\\\/en\\\/products\\\/\"]}]},{\"@type\":\"BreadcrumbList\",\"@id\":\"https:\\\/\\\/safeatsite.com\\\/en\\\/products\\\/#breadcrumb\",\"itemListElement\":[{\"@type\":\"ListItem\",\"position\":1,\"name\":\"Hem\",\"item\":\"https:\\\/\\\/safeatsite.com\\\/en\\\/\"},{\"@type\":\"ListItem\",\"position\":2,\"name\":\"Products\"}]},{\"@type\":\"WebSite\",\"@id\":\"https:\\\/\\\/safeatsite.com\\\/en\\\/#website\",\"url\":\"https:\\\/\\\/safeatsite.com\\\/en\\\/\",\"name\":\"SafeAtSite\",\"description\":\"Smarta produkter, l\u00f6sningar och tj\u00e4nster f\u00f6r s\u00e4krare bygg- och v\u00e4garbetsplatser.\",\"publisher\":{\"@id\":\"https:\\\/\\\/safeatsite.com\\\/en\\\/#organization\"},\"potentialAction\":[{\"@type\":\"SearchAction\",\"target\":{\"@type\":\"EntryPoint\",\"urlTemplate\":\"https:\\\/\\\/safeatsite.com\\\/en\\\/?s={search_term_string}\"},\"query-input\":{\"@type\":\"PropertyValueSpecification\",\"valueRequired\":true,\"valueName\":\"search_term_string\"}}],\"inLanguage\":\"en-US\"},{\"@type\":\"Organization\",\"@id\":\"https:\\\/\\\/safeatsite.com\\\/en\\\/#organization\",\"name\":\"SafeAtSite\",\"url\":\"https:\\\/\\\/safeatsite.com\\\/en\\\/\",\"logo\":{\"@type\":\"ImageObject\",\"inLanguage\":\"en-US\",\"@id\":\"https:\\\/\\\/safeatsite.com\\\/en\\\/#\\\/schema\\\/logo\\\/image\\\/\",\"url\":\"https:\\\/\\\/safeatsite.com\\\/wp-content\\\/uploads\\\/2020\\\/11\\\/SafeAtSite-logo-1.png\",\"contentUrl\":\"https:\\\/\\\/safeatsite.com\\\/wp-content\\\/uploads\\\/2020\\\/11\\\/SafeAtSite-logo-1.png\",\"width\":257,\"height\":100,\"caption\":\"SafeAtSite\"},\"image\":{\"@id\":\"https:\\\/\\\/safeatsite.com\\\/en\\\/#\\\/schema\\\/logo\\\/image\\\/\"},\"sameAs\":[\"https:\\\/\\\/www.facebook.com\\\/profile.php?id=100064239062507\"]}]}<\/script>\n<!-- \/ Yoast SEO plugin. -->","yoast_head_json":{"title":"Products - SafeAtSite","description":"Safe at Site develops products and systems that combine safety, innovation, practical usability and robust quality.","robots":{"index":"index","follow":"follow","max-snippet":"max-snippet:-1","max-image-preview":"max-image-preview:large","max-video-preview":"max-video-preview:-1"},"canonical":"https:\/\/safeatsite.com\/en\/products\/","og_locale":"en_US","og_type":"article","og_title":"Products - SafeAtSite","og_description":"Safe at Site develops products and systems that combine safety, innovation, practical usability and robust quality.","og_url":"https:\/\/safeatsite.com\/en\/products\/","og_site_name":"SafeAtSite","article_publisher":"https:\/\/www.facebook.com\/profile.php?id=100064239062507","article_modified_time":"2025-11-07T14:26:38+00:00","twitter_card":"summary_large_image","twitter_misc":{"Est. reading time":"1 minute"},"schema":{"@context":"https:\/\/schema.org","@graph":[{"@type":"WebPage","@id":"https:\/\/safeatsite.com\/en\/products\/","url":"https:\/\/safeatsite.com\/en\/products\/","name":"Products - SafeAtSite","isPartOf":{"@id":"https:\/\/safeatsite.com\/en\/#website"},"datePublished":"2021-08-18T08:53:50+00:00","dateModified":"2025-11-07T14:26:38+00:00","description":"Safe at Site develops products and systems that combine safety, innovation, practical usability and robust quality.","breadcrumb":{"@id":"https:\/\/safeatsite.com\/en\/products\/#breadcrumb"},"inLanguage":"en-US","potentialAction":[{"@type":"ReadAction","target":["https:\/\/safeatsite.com\/en\/products\/"]}]},{"@type":"BreadcrumbList","@id":"https:\/\/safeatsite.com\/en\/products\/#breadcrumb","itemListElement":[{"@type":"ListItem","position":1,"name":"Hem","item":"https:\/\/safeatsite.com\/en\/"},{"@type":"ListItem","position":2,"name":"Products"}]},{"@type":"WebSite","@id":"https:\/\/safeatsite.com\/en\/#website","url":"https:\/\/safeatsite.com\/en\/","name":"SafeAtSite","description":"Smarta produkter, l\u00f6sningar och tj\u00e4nster f\u00f6r s\u00e4krare bygg- och v\u00e4garbetsplatser.","publisher":{"@id":"https:\/\/safeatsite.com\/en\/#organization"},"potentialAction":[{"@type":"SearchAction","target":{"@type":"EntryPoint","urlTemplate":"https:\/\/safeatsite.com\/en\/?s={search_term_string}"},"query-input":{"@type":"PropertyValueSpecification","valueRequired":true,"valueName":"search_term_string"}}],"inLanguage":"en-US"},{"@type":"Organization","@id":"https:\/\/safeatsite.com\/en\/#organization","name":"SafeAtSite","url":"https:\/\/safeatsite.com\/en\/","logo":{"@type":"ImageObject","inLanguage":"en-US","@id":"https:\/\/safeatsite.com\/en\/#\/schema\/logo\/image\/","url":"https:\/\/safeatsite.com\/wp-content\/uploads\/2020\/11\/SafeAtSite-logo-1.png","contentUrl":"https:\/\/safeatsite.com\/wp-content\/uploads\/2020\/11\/SafeAtSite-logo-1.png","width":257,"height":100,"caption":"SafeAtSite"},"image":{"@id":"https:\/\/safeatsite.com\/en\/#\/schema\/logo\/image\/"},"sameAs":["https:\/\/www.facebook.com\/profile.php?id=100064239062507"]}]}},"_links":{"self":[{"href":"https:\/\/safeatsite.com\/en\/wp-json\/wp\/v2\/pages\/5734","targetHints":{"allow":["GET"]}}],"collection":[{"href":"https:\/\/safeatsite.com\/en\/wp-json\/wp\/v2\/pages"}],"about":[{"href":"https:\/\/safeatsite.com\/en\/wp-json\/wp\/v2\/types\/page"}],"author":[{"embeddable":true,"href":"https:\/\/safeatsite.com\/en\/wp-json\/wp\/v2\/users\/5"}],"replies":[{"embeddable":true,"href":"https:\/\/safeatsite.com\/en\/wp-json\/wp\/v2\/comments?post=5734"}],"version-history":[{"count":10,"href":"https:\/\/safeatsite.com\/en\/wp-json\/wp\/v2\/pages\/5734\/revisions"}],"predecessor-version":[{"id":6453,"href":"https:\/\/safeatsite.com\/en\/wp-json\/wp\/v2\/pages\/5734\/revisions\/6453"}],"wp:attachment":[{"href":"https:\/\/safeatsite.com\/en\/wp-json\/wp\/v2\/media?parent=5734"}],"curies":[{"name":"wp","href":"https:\/\/api.w.org\/{rel}","templated":true}]}}